{"id":69,"date":"2020-01-27T08:05:29","date_gmt":"2020-01-27T08:05:29","guid":{"rendered":"https:\/\/demosites.io\/web-agency-gb\/?page_id=69"},"modified":"2024-04-17T11:04:09","modified_gmt":"2024-04-17T09:04:09","slug":"15c42-web-agency-gb-portfolio","status":"publish","type":"page","link":"https:\/\/weinworks-lohnausbau.de\/index.php\/15c42-web-agency-gb-portfolio\/","title":{"rendered":"Technik"},"content":{"rendered":"\n<p><\/p>\n\n\n\n<div class=\"wp-block-cover alignfull\" style=\"min-height:138px;aspect-ratio:unset;\"><span aria-hidden=\"true\" class=\"wp-block-cover__background has-nv-site-bg-background-color has-background-dim-100 has-background-dim\"><\/span><div class=\"wp-block-cover__inner-container is-layout-flow wp-block-cover-is-layout-flow\">\n<div class=\"wp-block-group\"><div class=\"wp-block-group__inner-container is-layout-flow wp-block-group-is-layout-flow\">\n<h1 class=\"wp-block-heading has-text-align-left has-neve-text-color-color has-text-color\">Wie wichtig ist Kellertechnik?<\/h1>\n<\/div><\/div>\n<\/div><\/div>\n\n\n\n<div style=\"height:100px\" aria-hidden=\"true\" class=\"wp-block-spacer\"><\/div>\n\n\n\n<p>Weinbereitung kann unglaublich einfach sein. Es braucht Trauben, etwas W\u00e4rme und Geduld. Schon werden die sogenannte wilden Hefen beginnen Glucose und Fructose zu verstoffwechseln. Heraus kommt vereinfacht gesagt: Alkohol, Kohlenstoffdioxid und W\u00e4rmeenergie.<\/p>\n\n\n\n<p>F\u00fcr ein zuverl\u00e4ssig gutes Resultat, braucht es unserer Meinung nach vor allem Monitoring. Hierzu geh\u00f6rt das schriftliche Festhalten aller Lesegutparameter, die t\u00e4gliche G\u00e4rkontrolle und nat\u00fcrlich die regelm\u00e4\u00dfigen sensorischen und analytischen Kontrollen w\u00e4hrend der Reifung. Zusammen bilden sie das, was man als Lebenslauf des Weines bezeichnen kann.<\/p>\n\n\n\n<p>Damit sich die gew\u00fcnschten Hefest\u00e4mme durchsetzen, braucht es reifes und vollkommen gesundes Lesegut. Deshalb stehen wir Ihnen auch bei der Terminierung der Lese gerne zur Seite. Kennen wir Ihren Weinberg, so k\u00f6nnen wir auch im Keller genauer auf Ihren Wein eingehen.<\/p>\n\n\n\n<p>Technik setzen wir behutsam ein und so schonend wie m\u00f6glich. So er\u00fcbrigen sich viele Behandlungsschritte wie von selbst. Wein produzieren bedeutet auch sich selbst in Geduld zu \u00fcben und nicht zu voreiligen Ma\u00dfnahmen zu greifen.<\/p>\n\n\n\n<blockquote class=\"wp-block-quote is-layout-flow wp-block-quote-is-layout-flow\">\n<p><\/p>\n<\/blockquote>\n\n\n\n<figure class=\"wp-block-pullquote\"><blockquote><p><strong>&#8222;Hochwertige Weine entstehen zu 90 % im Weinberg. Als Kellermeister erhalte ich die Qualit\u00e4t und verfeinere sie.&#8220;<\/strong><br><\/p><cite>Kilian Kleine-Tebbe<\/cite><\/blockquote><\/figure>\n\n\n\n<h2 class=\"wp-block-heading\">Unsere Partner:<\/h2>\n\n\n\n<div class=\"wp-block-columns is-layout-flex wp-container-core-columns-is-layout-9d6595d7 wp-block-columns-is-layout-flex\">\n<div class=\"wp-block-column is-layout-flow wp-block-column-is-layout-flow\">\n<figure class=\"wp-block-image size-large is-resized\"><img decoding=\"async\" width=\"1024\" height=\"1024\" src=\"https:\/\/mlviywdcx435.i.optimole.com\/w:1024\/h:1024\/q:mauto\/ig:avif\/http:\/\/weinworks-lohnausbau.de\/wp-content\/uploads\/2024\/03\/nilles-logo-1.jpg\" alt=\"\" class=\"wp-image-688\" style=\"width:299px;height:auto\"\/><\/figure>\n<\/div>\n\n\n\n<div class=\"wp-block-column is-layout-flow wp-block-column-is-layout-flow\">\n<figure class=\"wp-block-image size-full is-resized\"><img decoding=\"async\" width=\"225\" height=\"225\" src=\"https:\/\/mlviywdcx435.i.optimole.com\/w:auto\/h:auto\/q:mauto\/ig:avif\/http:\/\/weinworks-lohnausbau.de\/wp-content\/uploads\/2024\/03\/klug-logo-1.jpg\" alt=\"\" class=\"wp-image-636\" style=\"width:300px;height:auto\"\/><\/figure>\n<\/div>\n\n\n\n<div class=\"wp-block-column is-layout-flow wp-block-column-is-layout-flow\">\n<figure class=\"wp-block-image size-large is-resized\"><img data-opt-src=\"https:\/\/mlviywdcx435.i.optimole.com\/w:1024\/h:1024\/q:mauto\/ig:avif\/http:\/\/weinworks-lohnausbau.de\/wp-content\/uploads\/2024\/03\/logo-gessner.jpg\"  decoding=\"async\" width=\"1024\" height=\"1024\" src=\"data:image/svg+xml,%3Csvg%20viewBox%3D%220%200%201024%201024%22%20width%3D%221024%22%20height%3D%221024%22%20xmlns%3D%22http%3A%2F%2Fwww.w3.org%2F2000%2Fsvg%22%3E%3Crect%20width%3D%221024%22%20height%3D%221024%22%20fill%3D%22transparent%22%2F%3E%3C%2Fsvg%3E\" alt=\"\" class=\"wp-image-642\" style=\"width:301px;height:auto\"\/><\/figure>\n<\/div>\n<\/div>\n\n\n\n<div class=\"wp-block-columns is-layout-flex wp-container-core-columns-is-layout-9d6595d7 wp-block-columns-is-layout-flex\">\n<div class=\"wp-block-column is-layout-flow wp-block-column-is-layout-flow\">\n<figure class=\"wp-block-image size-large is-resized\"><img data-opt-src=\"https:\/\/mlviywdcx435.i.optimole.com\/w:1024\/h:1024\/q:mauto\/ig:avif\/http:\/\/weinworks-lohnausbau.de\/wp-content\/uploads\/2024\/03\/logo-roeha.jpg\"  decoding=\"async\" width=\"1024\" height=\"1024\" src=\"data:image/svg+xml,%3Csvg%20viewBox%3D%220%200%201024%201024%22%20width%3D%221024%22%20height%3D%221024%22%20xmlns%3D%22http%3A%2F%2Fwww.w3.org%2F2000%2Fsvg%22%3E%3Crect%20width%3D%221024%22%20height%3D%221024%22%20fill%3D%22transparent%22%2F%3E%3C%2Fsvg%3E\" alt=\"\" class=\"wp-image-637\" style=\"width:298px;height:auto\"\/><\/figure>\n<\/div>\n\n\n\n<div class=\"wp-block-column is-layout-flow wp-block-column-is-layout-flow\">\n<figure class=\"wp-block-image size-large is-resized\"><img data-opt-src=\"https:\/\/mlviywdcx435.i.optimole.com\/w:1024\/h:1024\/q:mauto\/ig:avif\/http:\/\/weinworks-lohnausbau.de\/wp-content\/uploads\/2024\/03\/logo-hoefer.jpg\"  decoding=\"async\" width=\"1024\" height=\"1024\" src=\"data:image/svg+xml,%3Csvg%20viewBox%3D%220%200%201024%201024%22%20width%3D%221024%22%20height%3D%221024%22%20xmlns%3D%22http%3A%2F%2Fwww.w3.org%2F2000%2Fsvg%22%3E%3Crect%20width%3D%221024%22%20height%3D%221024%22%20fill%3D%22transparent%22%2F%3E%3C%2Fsvg%3E\" alt=\"\" class=\"wp-image-657\" style=\"width:304px;height:auto\"\/><\/figure>\n<\/div>\n\n\n\n<div class=\"wp-block-column is-layout-flow wp-block-column-is-layout-flow\">\n<figure class=\"wp-block-image size-large is-resized\"><img data-opt-src=\"https:\/\/mlviywdcx435.i.optimole.com\/w:1024\/h:1024\/q:mauto\/ig:avif\/http:\/\/weinworks-lohnausbau.de\/wp-content\/uploads\/2024\/03\/logo-volbers-3.jpg\"  decoding=\"async\" width=\"1024\" height=\"1024\" src=\"data:image/svg+xml,%3Csvg%20viewBox%3D%220%200%201024%201024%22%20width%3D%221024%22%20height%3D%221024%22%20xmlns%3D%22http%3A%2F%2Fwww.w3.org%2F2000%2Fsvg%22%3E%3Crect%20width%3D%221024%22%20height%3D%221024%22%20fill%3D%22transparent%22%2F%3E%3C%2Fsvg%3E\" alt=\"\" class=\"wp-image-645\" style=\"width:304px;height:auto\"\/><\/figure>\n<\/div>\n<\/div>\n","protected":false},"excerpt":{"rendered":"<p>Weinbereitung kann unglaublich einfach sein. Es braucht Trauben, etwas W\u00e4rme und Geduld. Schon werden die sogenannte wilden Hefen beginnen Glucose und Fructose zu verstoffwechseln. Heraus kommt vereinfacht gesagt: Alkohol, Kohlenstoffdioxid und W\u00e4rmeenergie. F\u00fcr ein zuverl\u00e4ssig gutes Resultat, braucht es unserer Meinung nach vor allem Monitoring. Hierzu geh\u00f6rt das schriftliche Festhalten aller Lesegutparameter, die t\u00e4gliche G\u00e4rkontrolle&hellip;&nbsp;<a href=\"https:\/\/weinworks-lohnausbau.de\/index.php\/15c42-web-agency-gb-portfolio\/\" class=\"\" rel=\"bookmark\">Weiterlesen &raquo;<span class=\"screen-reader-text\">Technik<\/span><\/a><\/p>\n","protected":false},"author":1,"featured_media":0,"parent":0,"menu_order":0,"comment_status":"closed","ping_status":"closed","template":"","meta":{"neve_meta_sidebar":"full-width","neve_meta_container":"","neve_meta_enable_content_width":"on","neve_meta_content_width":100,"neve_meta_title_alignment":"","neve_meta_author_avatar":"","neve_post_elements_order":"","neve_meta_disable_header":"","neve_meta_disable_footer":"","neve_meta_disable_title":"on","_themeisle_gutenberg_block_has_review":false,"_ti_tpc_template_sync":false,"_ti_tpc_template_id":"94gtya0n2udx05knf121","footnotes":""},"class_list":["post-69","page","type-page","status-publish","hentry"],"aioseo_notices":[],"_links":{"self":[{"href":"https:\/\/weinworks-lohnausbau.de\/index.php\/wp-json\/wp\/v2\/pages\/69","targetHints":{"allow":["GET"]}}],"collection":[{"href":"https:\/\/weinworks-lohnausbau.de\/index.php\/wp-json\/wp\/v2\/pages"}],"about":[{"href":"https:\/\/weinworks-lohnausbau.de\/index.php\/wp-json\/wp\/v2\/types\/page"}],"author":[{"embeddable":true,"href":"https:\/\/weinworks-lohnausbau.de\/index.php\/wp-json\/wp\/v2\/users\/1"}],"replies":[{"embeddable":true,"href":"https:\/\/weinworks-lohnausbau.de\/index.php\/wp-json\/wp\/v2\/comments?post=69"}],"version-history":[{"count":21,"href":"https:\/\/weinworks-lohnausbau.de\/index.php\/wp-json\/wp\/v2\/pages\/69\/revisions"}],"predecessor-version":[{"id":852,"href":"https:\/\/weinworks-lohnausbau.de\/index.php\/wp-json\/wp\/v2\/pages\/69\/revisions\/852"}],"wp:attachment":[{"href":"https:\/\/weinworks-lohnausbau.de\/index.php\/wp-json\/wp\/v2\/media?parent=69"}],"curies":[{"name":"wp","href":"https:\/\/api.w.org\/{rel}","templated":true}]}}